{"id":1550,"date":"2025-12-30T08:36:46","date_gmt":"2025-12-30T08:36:46","guid":{"rendered":"https:\/\/aqschemical.com\/soluciones\/"},"modified":"2026-02-24T08:50:03","modified_gmt":"2026-02-24T08:50:03","slug":"soluciones","status":"publish","type":"page","link":"https:\/\/aqschemical.com\/es\/soluciones\/","title":{"rendered":"Soluciones"},"content":{"rendered":"\t\t<div data-elementor-type=\"wp-page\" data-elementor-id=\"1550\" class=\"elementor elementor-1550 elementor-1186\" data-elementor-post-type=\"page\">\n\t\t\t\t\t\t<section class=\"elementor-section elementor-top-section elementor-element elementor-element-13b032d elementor-section-boxed elementor-section-height-default elementor-section-height-default\" data-id=\"13b032d\" data-element_type=\"section\" data-e-type=\"section\">\n\t\t\t\t\t\t<div class=\"elementor-container elementor-column-gap-extended\">\n\t\t\t\t\t<div class=\"elementor-column elementor-col-100 elementor-top-column elementor-element elementor-element-66bc5da\" data-id=\"66bc5da\" data-element_type=\"column\" data-e-type=\"column\">\n\t\t\t<div class=\"elementor-widget-wrap elementor-element-populated\">\n\t\t\t\t\t\t<div class=\"elementor-element elementor-element-c99f89e elementor-widget elementor-widget-ld_fancy_image\" data-id=\"c99f89e\" data-element_type=\"widget\" data-e-type=\"widget\" data-widget_type=\"ld_fancy_image.default\">\n\t\t\t\t<div class=\"elementor-widget-container\">\n\t\t\t\t\t\n\t\t<div class=\"lqd-imggrp-single d-block pos-rel \">\n\t\t\t<div class=\"lqd-imggrp-img-container d-inline-flex pos-rel align-items-center justify-content-center \">\n\t\t\t\t\t\t\t\t<figure class=\"w-100 pos-rel\">\n\t\t\t\t\t<img fetchpriority=\"high\" decoding=\"async\" width=\"639\" height=\"410\" src=\"https:\/\/aqschemical.com\/wp-content\/uploads\/2026\/02\/Rectangle-51-1-1.png\" class=\"attachment-full size-full wp-image-2099\" alt=\"\" srcset=\"https:\/\/aqschemical.com\/wp-content\/uploads\/2026\/02\/Rectangle-51-1-1.png 639w, https:\/\/aqschemical.com\/wp-content\/uploads\/2026\/02\/Rectangle-51-1-1-300x192.png 300w\" sizes=\"(max-width: 639px) 100vw, 639px\" itemprop=\"image\" \/>\t\t\t\t\t\t\t\t\t\t\t\t\t\t\t\t\t\t\t\t\t\t\t\t\t\t\t\t\t<\/figure>\n\t\t\t<\/div>\n\t\t<\/div>\n\n\t\t\t\t\t<\/div>\n\t\t\t\t<\/div>\n\t\t\t\t\t<\/div>\n\t\t<\/div>\n\t\t\t\t<div class=\"elementor-column elementor-col-100 elementor-top-column elementor-element elementor-element-c9c84ea\" data-id=\"c9c84ea\" data-element_type=\"column\" data-e-type=\"column\">\n\t\t\t<div class=\"elementor-widget-wrap elementor-element-populated\">\n\t\t\t\t\t\t<div class=\"elementor-element elementor-element-a2f984a elementor-widget elementor-widget-hub_fancy_heading\" data-id=\"a2f984a\" data-element_type=\"widget\" data-e-type=\"widget\" data-widget_type=\"hub_fancy_heading.default\">\n\t\t\t\t<div class=\"elementor-widget-container\">\n\t\t\t\t\t\n\t\t<div id=\"ld-fancy-heading-69e2cdb770214\" class=\"ld-fancy-heading pos-rel\">\n\t\t\t<h2 class=\"ld-fh-element d-inline-block pos-rel  elementor-heading-title lqd-highlight-classic lqd-highlight-grow-left h2\"  > Optimizaci\u00f3n integral de la cadena de suministro<\/h2>\t\t<\/div>\n\n\t\t\t\t\t\t<\/div>\n\t\t\t\t<\/div>\n\t\t\t\t<div class=\"elementor-element elementor-element-e2bd231 elementor-widget elementor-widget-hub_fancy_heading\" data-id=\"e2bd231\" data-element_type=\"widget\" data-e-type=\"widget\" data-widget_type=\"hub_fancy_heading.default\">\n\t\t\t\t<div class=\"elementor-widget-container\">\n\t\t\t\t\t\n\t\t<div id=\"ld-fancy-heading-69e2cdb770b06\" class=\"ld-fancy-heading pos-rel\">\n\t\t\t<p class=\"ld-fh-element d-inline-block pos-rel  lqd-highlight-classic lqd-highlight-grow-left p\"  > Eliminamos la incertidumbre del abastecimiento. Desde la selecci\u00f3n de las mejores materias primas para fertilizantes en origen hasta la gesti\u00f3n de la compleja log\u00edstica de env\u00edo y el cumplimiento aduanero, nuestro enfoque integrado garantiza una entrega impecable. Supervisamos de forma proactiva las tendencias del mercado global para mitigar los riesgos, garantizando que sus instalaciones reciban los materiales adecuados, en el momento oportuno y al mejor coste posible.<\/p>\t\t<\/div>\n\n\t\t\t\t\t\t<\/div>\n\t\t\t\t<\/div>\n\t\t\t\t\t<\/div>\n\t\t<\/div>\n\t\t\t\t\t<\/div>\n\t\t<\/section>\n\t\t\t\t<section class=\"elementor-section elementor-top-section elementor-element elementor-element-7f32758 elementor-section-boxed elementor-section-height-default elementor-section-height-default\" data-id=\"7f32758\" data-element_type=\"section\" data-e-type=\"section\">\n\t\t\t\t\t\t<div class=\"elementor-container elementor-column-gap-no\">\n\t\t\t\t\t<div class=\"elementor-column elementor-col-100 elementor-top-column elementor-element elementor-element-4f812a7\" data-id=\"4f812a7\" data-element_type=\"column\" data-e-type=\"column\" data-settings=\"{&quot;background_background&quot;:&quot;classic&quot;}\">\n\t\t\t<div class=\"elementor-widget-wrap elementor-element-populated\">\n\t\t\t\t\t\t<div class=\"elementor-element elementor-element-ff418e5 elementor-widget__width-initial elementor-widget elementor-widget-hub_fancy_heading\" data-id=\"ff418e5\" data-element_type=\"widget\" data-e-type=\"widget\" data-widget_type=\"hub_fancy_heading.default\">\n\t\t\t\t<div class=\"elementor-widget-container\">\n\t\t\t\t\t\n\t\t<div id=\"ld-fancy-heading-69e2cdb77124c\" class=\"ld-fancy-heading pos-rel\">\n\t\t\t<h2 class=\"ld-fh-element d-inline-block pos-rel  elementor-heading-title lqd-highlight-classic lqd-highlight-grow-left h2\"  > Enviar un mensaje<\/h2>\t\t<\/div>\n\n\t\t\t\t\t\t<\/div>\n\t\t\t\t<\/div>\n\t\t\t\t<div class=\"elementor-element elementor-element-55c0e57 elementor-widget elementor-widget-formidable\" data-id=\"55c0e57\" data-element_type=\"widget\" data-e-type=\"widget\" data-widget_type=\"formidable.default\">\n\t\t\t\t<div class=\"elementor-widget-container\">\n\t\t\t\t\t<div class=\"frm_forms  with_frm_style frm_style_formidable-style\" id=\"frm_form_2_container\" >\n<form enctype=\"multipart\/form-data\" method=\"post\" class=\"frm-show-form  frm_pro_form \" id=\"form_contact-form2\" >\n<div class=\"frm_form_fields \">\n<fieldset>\n<legend class=\"frm_screen_reader\">Contact Us-es<\/legend>\r\n\r\n<div class=\"frm_fields_container\">\n<input type=\"hidden\" name=\"frm_action\" value=\"create\" \/>\n<input type=\"hidden\" name=\"form_id\" value=\"2\" \/>\n<input type=\"hidden\" name=\"frm_hide_fields_2\" id=\"frm_hide_fields_2\" value=\"\" \/>\n<input type=\"hidden\" name=\"form_key\" value=\"contact-form2\" \/>\n<input type=\"hidden\" name=\"item_meta[0]\" value=\"\" \/>\n<input type=\"hidden\" id=\"frm_submit_entry_2\" name=\"frm_submit_entry_2\" value=\"12c9b9499f\" \/><input type=\"hidden\" name=\"_wp_http_referer\" value=\"\/es\/wp-json\/wp\/v2\/pages\/1550\" \/><div id=\"frm_field_7_container\" class=\"frm_form_field form-field  frm_required_field frm_top_container frm6 frm_first\">\r\n\t<label for=\"field_qh4icy2\" id=\"field_qh4icy2_label\" class=\"frm_primary_label\">\r\n\t\t<span class=\"frm_required\" aria-hidden=\"true\"><\/span>\r\n\t<\/label>\r\n\t<input  type=\"text\" id=\"field_qh4icy2\" name=\"item_meta[7]\" value=\"\"  placeholder=\"Su nombre\" data-reqmsg=\"Este campono puede estar en blanco.\" aria-required=\"true\" data-invmsg=\"Este campo is invalid\" aria-invalid=\"false\"   \/>\r\n\t\r\n\t\r\n<\/div>\n<div id=\"frm_field_8_container\" class=\"frm_form_field form-field  frm_required_field frm_top_container frm6\">\r\n\t<label for=\"field_29yf4d2\" id=\"field_29yf4d2_label\" class=\"frm_primary_label\">\r\n\t\t<span class=\"frm_required\" aria-hidden=\"true\"><\/span>\r\n\t<\/label>\r\n\t<input type=\"email\" id=\"field_29yf4d2\" name=\"item_meta[8]\" value=\"\"  placeholder=\"Direcci\u00f3n de correo electr\u00f3nico\" data-reqmsg=\"Este campo no puede estar en blanco.\" aria-required=\"true\" data-invmsg=\"Por favor, introduce una direcci\u00f3n de correo electr\u00f3nico v\u00e1lida\" aria-invalid=\"false\"  \/>\r\n\t\r\n\t\r\n<\/div>\n<div id=\"frm_field_9_container\" class=\"frm_form_field form-field  frm_required_field frm_top_container frm6 frm_first\">\r\n\t<label for=\"field_e6lis62\" id=\"field_e6lis62_label\" class=\"frm_primary_label\">\r\n\t\t<span class=\"frm_required\" aria-hidden=\"true\"><\/span>\r\n\t<\/label>\r\n\t<input  type=\"text\" id=\"field_e6lis62\" name=\"item_meta[9]\" value=\"\"  placeholder=\"nombre de empresa\" data-reqmsg=\"Este campo no puede estar en blanco.\" aria-required=\"true\" data-invmsg=\"Este campo is invalid\" aria-invalid=\"false\"   \/>\r\n\t\r\n\t\r\n<\/div>\n<div id=\"frm_field_13_container\" class=\"frm_form_field form-field  frm_top_container frm6\">\r\n\t<label for=\"field_p3212\" id=\"field_p3212_label\" class=\"frm_primary_label\">\r\n\t\t<span class=\"frm_required\" aria-hidden=\"true\"><\/span>\r\n\t<\/label>\r\n\t<input type=\"tel\" id=\"field_p3212\" name=\"item_meta[13]\" value=\"\"  placeholder=\"Tel\u00e9fono\" data-invmsg=\"Este campo is invalid\" aria-invalid=\"false\" pattern=\"((\\+\\d{1,3}(-|.| )?\\(?\\d\\)?(-| |.)?\\d{1,5})|(\\(?\\d{2,6}\\)?))(-|.| )?(\\d{3,4})(-|.| )?(\\d{4})(( x| ext)\\d{1,5}){0,1}$\"  \/>\r\n\t\r\n\t\r\n<\/div>\n<div id=\"frm_field_10_container\" class=\"frm_form_field form-field  frm_required_field frm_top_container frm_full\">\r\n\t<label for=\"field_9jv0r12\" id=\"field_9jv0r12_label\" class=\"frm_primary_label\">\r\n\t\t<span class=\"frm_required\" aria-hidden=\"true\"><\/span>\r\n\t<\/label>\r\n\t<textarea name=\"item_meta[10]\" id=\"field_9jv0r12\" rows=\"5\"  placeholder=\"Mensaje\" data-reqmsg=\"Este campo no puede estar en blanco.\" aria-required=\"true\" data-invmsg=\"Este campo Es invalido\" aria-invalid=\"false\"  ><\/textarea>\r\n\t\r\n\t\r\n<\/div>\n<div id=\"frm_field_27_container\" class=\"frm_form_field form-field  frm_none_container\">\r\n\t<label for=\"g-recaptcha-response\" id=\"field_pa2x_label\" class=\"frm_primary_label\">Captcha\r\n\t\t<span class=\"frm_required\" aria-hidden=\"true\"><\/span>\r\n\t<\/label>\r\n\t<div  id=\"field_pa2x\" class=\"frm-g-recaptcha\" data-sitekey=\"6LfLwLgsAAAAAPeWIKMdXCdHPVERPATIp14UINc_\" data-size=\"normal\" data-theme=\"light\"><\/div>\r\n\t\r\n\t\r\n<\/div>\n<div id=\"frm_field_11_container\" class=\"frm_form_field form-field \">\r\n\t<div class=\"frm_submit frm_flex\">\r\n<button class=\"frm_button_submit frm_final_submit\" type=\"submit\"   formnovalidate=\"formnovalidate\">Enviar un mensaje<\/button>\r\n\r\n\r\n\r\n<\/div>\r\n<\/div>\n\t<input type=\"hidden\" name=\"item_key\" value=\"\" \/>\n\t\t\t<div id=\"frm_field_30_container\">\n\t\t\t<label for=\"field_knxvh\" >\n\t\t\t\tSi eres humano, deja este campo en blanco.\t\t\t<\/label>\n\t\t\t<input  id=\"field_knxvh\" type=\"text\" class=\"frm_form_field form-field frm_verify\" name=\"item_meta[30]\" value=\"\"  \/>\n\t\t<\/div>\n\t\t<input name=\"frm_state\" type=\"hidden\" value=\"iE7pZ3qh+E7KhfvZWVO70+2Ng4TvbyHMPpBakw6UXG7K7U1dPI6Zq5X+68lMbyMc\" \/><\/div>\n<\/fieldset>\n<\/div>\n\n<\/form>\n<\/div>\n\t\t\t\t<\/div>\n\t\t\t\t<\/div>\n\t\t\t\t\t<\/div>\n\t\t<\/div>\n\t\t\t\t\t<\/div>\n\t\t<\/section>\n\t\t\t\t<\/div>\n\t\t","protected":false},"excerpt":{"rendered":"<p>Optimizaci\u00f3n integral de la cadena de suministro Eliminamos la incertidumbre del abastecimiento. Desde la selecci\u00f3n de las mejores materias primas para fertilizantes en origen hasta la gesti\u00f3n de la compleja log\u00edstica de env\u00edo y el cumplimiento aduanero, nuestro enfoque integrado garantiza una entrega impecable. Supervisamos de forma proactiva las tendencias del mercado global para mitigar [&hellip;]<\/p>\n","protected":false},"author":3,"featured_media":0,"parent":0,"menu_order":0,"comment_status":"closed","ping_status":"closed","template":"","meta":{"_acf_changed":false,"footnotes":""},"class_list":["post-1550","page","type-page","status-publish","hentry"],"acf":[],"yoast_head":"<!-- This site is optimized with the Yoast SEO plugin v27.4 - https:\/\/yoast.com\/product\/yoast-seo-wordpress\/ -->\n<title>Soluciones - American Quantum Solution<\/title>\n<meta name=\"robots\" content=\"index, follow, max-snippet:-1, max-image-preview:large, max-video-preview:-1\" \/>\n<link rel=\"canonical\" href=\"https:\/\/aqschemical.com\/es\/soluciones\/\" \/>\n<meta property=\"og:locale\" content=\"es_ES\" \/>\n<meta property=\"og:type\" content=\"article\" \/>\n<meta property=\"og:title\" content=\"Soluciones - American Quantum Solution\" \/>\n<meta property=\"og:description\" content=\"Optimizaci\u00f3n integral de la cadena de suministro Eliminamos la incertidumbre del abastecimiento. Desde la selecci\u00f3n de las mejores materias primas para fertilizantes en origen hasta la gesti\u00f3n de la compleja log\u00edstica de env\u00edo y el cumplimiento aduanero, nuestro enfoque integrado garantiza una entrega impecable. Supervisamos de forma proactiva las tendencias del mercado global para mitigar [&hellip;]\" \/>\n<meta property=\"og:url\" content=\"https:\/\/aqschemical.com\/es\/soluciones\/\" \/>\n<meta property=\"og:site_name\" content=\"American Quantum Solution\" \/>\n<meta property=\"article:modified_time\" content=\"2026-02-24T08:50:03+00:00\" \/>\n<meta property=\"og:image\" content=\"https:\/\/aqschemical.com\/wp-content\/uploads\/2026\/02\/Rectangle-51-1-1.png\" \/>\n<meta name=\"twitter:card\" content=\"summary_large_image\" \/>\n<script type=\"application\/ld+json\" class=\"yoast-schema-graph\">{\"@context\":\"https:\\\/\\\/schema.org\",\"@graph\":[{\"@type\":\"WebPage\",\"@id\":\"https:\\\/\\\/aqschemical.com\\\/es\\\/soluciones\\\/\",\"url\":\"https:\\\/\\\/aqschemical.com\\\/es\\\/soluciones\\\/\",\"name\":\"Soluciones - American Quantum Solution\",\"isPartOf\":{\"@id\":\"https:\\\/\\\/aqschemical.com\\\/#website\"},\"primaryImageOfPage\":{\"@id\":\"https:\\\/\\\/aqschemical.com\\\/es\\\/soluciones\\\/#primaryimage\"},\"image\":{\"@id\":\"https:\\\/\\\/aqschemical.com\\\/es\\\/soluciones\\\/#primaryimage\"},\"thumbnailUrl\":\"https:\\\/\\\/aqschemical.com\\\/wp-content\\\/uploads\\\/2026\\\/02\\\/Rectangle-51-1-1.png\",\"datePublished\":\"2025-12-30T08:36:46+00:00\",\"dateModified\":\"2026-02-24T08:50:03+00:00\",\"breadcrumb\":{\"@id\":\"https:\\\/\\\/aqschemical.com\\\/es\\\/soluciones\\\/#breadcrumb\"},\"inLanguage\":\"es\",\"potentialAction\":[{\"@type\":\"ReadAction\",\"target\":[\"https:\\\/\\\/aqschemical.com\\\/es\\\/soluciones\\\/\"]}]},{\"@type\":\"ImageObject\",\"inLanguage\":\"es\",\"@id\":\"https:\\\/\\\/aqschemical.com\\\/es\\\/soluciones\\\/#primaryimage\",\"url\":\"https:\\\/\\\/aqschemical.com\\\/wp-content\\\/uploads\\\/2026\\\/02\\\/Rectangle-51-1-1.png\",\"contentUrl\":\"https:\\\/\\\/aqschemical.com\\\/wp-content\\\/uploads\\\/2026\\\/02\\\/Rectangle-51-1-1.png\"},{\"@type\":\"BreadcrumbList\",\"@id\":\"https:\\\/\\\/aqschemical.com\\\/es\\\/soluciones\\\/#breadcrumb\",\"itemListElement\":[{\"@type\":\"ListItem\",\"position\":1,\"name\":\"Home\",\"item\":\"https:\\\/\\\/aqschemical.com\\\/es\\\/pagina-principal\\\/\"},{\"@type\":\"ListItem\",\"position\":2,\"name\":\"Soluciones\"}]},{\"@type\":\"WebSite\",\"@id\":\"https:\\\/\\\/aqschemical.com\\\/#website\",\"url\":\"https:\\\/\\\/aqschemical.com\\\/\",\"name\":\"American Quantum Solution\",\"description\":\"\",\"publisher\":{\"@id\":\"https:\\\/\\\/aqschemical.com\\\/#organization\"},\"potentialAction\":[{\"@type\":\"SearchAction\",\"target\":{\"@type\":\"EntryPoint\",\"urlTemplate\":\"https:\\\/\\\/aqschemical.com\\\/?s={search_term_string}\"},\"query-input\":{\"@type\":\"PropertyValueSpecification\",\"valueRequired\":true,\"valueName\":\"search_term_string\"}}],\"inLanguage\":\"es\"},{\"@type\":\"Organization\",\"@id\":\"https:\\\/\\\/aqschemical.com\\\/#organization\",\"name\":\"American Quantum Solution\",\"url\":\"https:\\\/\\\/aqschemical.com\\\/\",\"logo\":{\"@type\":\"ImageObject\",\"inLanguage\":\"es\",\"@id\":\"https:\\\/\\\/aqschemical.com\\\/#\\\/schema\\\/logo\\\/image\\\/\",\"url\":\"https:\\\/\\\/aqschemical.com\\\/wp-content\\\/uploads\\\/2021\\\/09\\\/logo-aqs.png\",\"contentUrl\":\"https:\\\/\\\/aqschemical.com\\\/wp-content\\\/uploads\\\/2021\\\/09\\\/logo-aqs.png\",\"width\":118,\"height\":50,\"caption\":\"American Quantum Solution\"},\"image\":{\"@id\":\"https:\\\/\\\/aqschemical.com\\\/#\\\/schema\\\/logo\\\/image\\\/\"}}]}<\/script>\n<!-- \/ Yoast SEO plugin. -->","yoast_head_json":{"title":"Soluciones - American Quantum Solution","robots":{"index":"index","follow":"follow","max-snippet":"max-snippet:-1","max-image-preview":"max-image-preview:large","max-video-preview":"max-video-preview:-1"},"canonical":"https:\/\/aqschemical.com\/es\/soluciones\/","og_locale":"es_ES","og_type":"article","og_title":"Soluciones - American Quantum Solution","og_description":"Optimizaci\u00f3n integral de la cadena de suministro Eliminamos la incertidumbre del abastecimiento. Desde la selecci\u00f3n de las mejores materias primas para fertilizantes en origen hasta la gesti\u00f3n de la compleja log\u00edstica de env\u00edo y el cumplimiento aduanero, nuestro enfoque integrado garantiza una entrega impecable. Supervisamos de forma proactiva las tendencias del mercado global para mitigar [&hellip;]","og_url":"https:\/\/aqschemical.com\/es\/soluciones\/","og_site_name":"American Quantum Solution","article_modified_time":"2026-02-24T08:50:03+00:00","og_image":[{"url":"https:\/\/aqschemical.com\/wp-content\/uploads\/2026\/02\/Rectangle-51-1-1.png","type":"","width":"","height":""}],"twitter_card":"summary_large_image","schema":{"@context":"https:\/\/schema.org","@graph":[{"@type":"WebPage","@id":"https:\/\/aqschemical.com\/es\/soluciones\/","url":"https:\/\/aqschemical.com\/es\/soluciones\/","name":"Soluciones - American Quantum Solution","isPartOf":{"@id":"https:\/\/aqschemical.com\/#website"},"primaryImageOfPage":{"@id":"https:\/\/aqschemical.com\/es\/soluciones\/#primaryimage"},"image":{"@id":"https:\/\/aqschemical.com\/es\/soluciones\/#primaryimage"},"thumbnailUrl":"https:\/\/aqschemical.com\/wp-content\/uploads\/2026\/02\/Rectangle-51-1-1.png","datePublished":"2025-12-30T08:36:46+00:00","dateModified":"2026-02-24T08:50:03+00:00","breadcrumb":{"@id":"https:\/\/aqschemical.com\/es\/soluciones\/#breadcrumb"},"inLanguage":"es","potentialAction":[{"@type":"ReadAction","target":["https:\/\/aqschemical.com\/es\/soluciones\/"]}]},{"@type":"ImageObject","inLanguage":"es","@id":"https:\/\/aqschemical.com\/es\/soluciones\/#primaryimage","url":"https:\/\/aqschemical.com\/wp-content\/uploads\/2026\/02\/Rectangle-51-1-1.png","contentUrl":"https:\/\/aqschemical.com\/wp-content\/uploads\/2026\/02\/Rectangle-51-1-1.png"},{"@type":"BreadcrumbList","@id":"https:\/\/aqschemical.com\/es\/soluciones\/#breadcrumb","itemListElement":[{"@type":"ListItem","position":1,"name":"Home","item":"https:\/\/aqschemical.com\/es\/pagina-principal\/"},{"@type":"ListItem","position":2,"name":"Soluciones"}]},{"@type":"WebSite","@id":"https:\/\/aqschemical.com\/#website","url":"https:\/\/aqschemical.com\/","name":"American Quantum Solution","description":"","publisher":{"@id":"https:\/\/aqschemical.com\/#organization"},"potentialAction":[{"@type":"SearchAction","target":{"@type":"EntryPoint","urlTemplate":"https:\/\/aqschemical.com\/?s={search_term_string}"},"query-input":{"@type":"PropertyValueSpecification","valueRequired":true,"valueName":"search_term_string"}}],"inLanguage":"es"},{"@type":"Organization","@id":"https:\/\/aqschemical.com\/#organization","name":"American Quantum Solution","url":"https:\/\/aqschemical.com\/","logo":{"@type":"ImageObject","inLanguage":"es","@id":"https:\/\/aqschemical.com\/#\/schema\/logo\/image\/","url":"https:\/\/aqschemical.com\/wp-content\/uploads\/2021\/09\/logo-aqs.png","contentUrl":"https:\/\/aqschemical.com\/wp-content\/uploads\/2021\/09\/logo-aqs.png","width":118,"height":50,"caption":"American Quantum Solution"},"image":{"@id":"https:\/\/aqschemical.com\/#\/schema\/logo\/image\/"}}]}},"_links":{"self":[{"href":"https:\/\/aqschemical.com\/es\/wp-json\/wp\/v2\/pages\/1550","targetHints":{"allow":["GET"]}}],"collection":[{"href":"https:\/\/aqschemical.com\/es\/wp-json\/wp\/v2\/pages"}],"about":[{"href":"https:\/\/aqschemical.com\/es\/wp-json\/wp\/v2\/types\/page"}],"author":[{"embeddable":true,"href":"https:\/\/aqschemical.com\/es\/wp-json\/wp\/v2\/users\/3"}],"replies":[{"embeddable":true,"href":"https:\/\/aqschemical.com\/es\/wp-json\/wp\/v2\/comments?post=1550"}],"version-history":[{"count":10,"href":"https:\/\/aqschemical.com\/es\/wp-json\/wp\/v2\/pages\/1550\/revisions"}],"predecessor-version":[{"id":2148,"href":"https:\/\/aqschemical.com\/es\/wp-json\/wp\/v2\/pages\/1550\/revisions\/2148"}],"wp:attachment":[{"href":"https:\/\/aqschemical.com\/es\/wp-json\/wp\/v2\/media?parent=1550"}],"curies":[{"name":"wp","href":"https:\/\/api.w.org\/{rel}","templated":true}]}}