{"id":1642,"date":"2021-09-28T09:11:27","date_gmt":"2021-09-28T09:11:27","guid":{"rendered":"https:\/\/aqschemical.com\/sobre-nosotros\/"},"modified":"2026-02-22T11:13:04","modified_gmt":"2026-02-22T11:13:04","slug":"sobre-nosotros","status":"publish","type":"page","link":"https:\/\/aqschemical.com\/es\/sobre-nosotros\/","title":{"rendered":"Sobre nosotros"},"content":{"rendered":"\t\t<div data-elementor-type=\"wp-page\" data-elementor-id=\"1642\" class=\"elementor elementor-1642 elementor-423\" data-elementor-post-type=\"page\">\n\t\t\t\t\t\t<section class=\"elementor-section elementor-top-section elementor-element elementor-element-e47633e elementor-section-boxed elementor-section-height-default elementor-section-height-default\" data-id=\"e47633e\" data-element_type=\"section\" data-e-type=\"section\" data-settings=\"{&quot;background_background&quot;:&quot;classic&quot;}\">\n\t\t\t\t\t\t<div class=\"elementor-container elementor-column-gap-extended\">\n\t\t\t\t\t<div class=\"elementor-column elementor-col-25 elementor-top-column elementor-element elementor-element-74e93b1\" data-id=\"74e93b1\" data-element_type=\"column\" data-e-type=\"column\">\n\t\t\t<div class=\"elementor-widget-wrap elementor-element-populated\">\n\t\t\t\t\t\t<div class=\"elementor-element elementor-element-9b2fb1c elementor-widget elementor-widget-hub_fancy_heading\" data-id=\"9b2fb1c\" data-element_type=\"widget\" data-e-type=\"widget\" data-widget_type=\"hub_fancy_heading.default\">\n\t\t\t\t<div class=\"elementor-widget-container\">\n\t\t\t\t\t\n\t\t<div id=\"ld-fancy-heading-69e2cfa097c2e\" class=\"ld-fancy-heading pos-rel\">\n\t\t\t<h2 class=\"ld-fh-element d-inline-block pos-rel  elementor-heading-title lqd-highlight-classic lqd-highlight-grow-left h2\"  > Nuestra Historia<\/h2>\t\t<\/div>\n\n\t\t\t\t\t\t<\/div>\n\t\t\t\t<\/div>\n\t\t\t\t\t<\/div>\n\t\t<\/div>\n\t\t\t\t<div class=\"elementor-column elementor-col-25 elementor-top-column elementor-element elementor-element-4128ff3\" data-id=\"4128ff3\" data-element_type=\"column\" data-e-type=\"column\">\n\t\t\t<div class=\"elementor-widget-wrap elementor-element-populated\">\n\t\t\t\t\t\t<div class=\"elementor-element elementor-element-6336bd0 elementor-widget elementor-widget-hub_fancy_heading\" data-id=\"6336bd0\" data-element_type=\"widget\" data-e-type=\"widget\" data-widget_type=\"hub_fancy_heading.default\">\n\t\t\t\t<div class=\"elementor-widget-container\">\n\t\t\t\t\t\n\t\t<div id=\"ld-fancy-heading-69e2cfa098b97\" class=\"ld-fancy-heading pos-rel\">\n\t\t\t<h2 class=\"ld-fh-element d-inline-block pos-rel  elementor-heading-title lqd-highlight-classic lqd-highlight-grow-left h2\"  > Desde nuestra fundaci\u00f3n, nos hemos comprometido a suministrar materias primas qu\u00edmicas de alta calidad para diversas aplicaciones industriales. Nuestra empresa naci\u00f3 con la pasi\u00f3n de mejorar la productividad y ofrecer soluciones sostenibles a nuestros clientes.<br> <\/h2>\t\t<\/div>\n\n\t\t\t\t\t\t<\/div>\n\t\t\t\t<\/div>\n\t\t\t\t<div class=\"elementor-element elementor-element-8abdcd8 elementor-widget elementor-widget-hub_fancy_heading\" data-id=\"8abdcd8\" data-element_type=\"widget\" data-e-type=\"widget\" data-widget_type=\"hub_fancy_heading.default\">\n\t\t\t\t<div class=\"elementor-widget-container\">\n\t\t\t\t\t\n\t\t<div id=\"ld-fancy-heading-69e2cfa09983b\" class=\"ld-fancy-heading pos-rel\">\n\t\t\t<h2 class=\"ld-fh-element d-inline-block pos-rel  elementor-heading-title lqd-highlight-classic lqd-highlight-grow-left h2\"  > Desde nuestra fundaci\u00f3n, nos hemos comprometido a suministrar materias primas qu\u00edmicas de alta calidad para diversas aplicaciones industriales. Nuestra empresa naci\u00f3 con la pasi\u00f3n de mejorar la productividad y ofrecer soluciones sostenibles a nuestros clientes.<br> <\/h2>\t\t<\/div>\n\n\t\t\t\t\t\t<\/div>\n\t\t\t\t<\/div>\n\t\t\t\t\t<\/div>\n\t\t<\/div>\n\t\t\t\t<div class=\"elementor-column elementor-col-25 elementor-top-column elementor-element elementor-element-2e94ac3\" data-id=\"2e94ac3\" data-element_type=\"column\" data-e-type=\"column\">\n\t\t\t<div class=\"elementor-widget-wrap elementor-element-populated\">\n\t\t\t\t\t\t<div class=\"elementor-element elementor-element-5834810 elementor-widget elementor-widget-ld_fancy_image\" data-id=\"5834810\" data-element_type=\"widget\" data-e-type=\"widget\" data-widget_type=\"ld_fancy_image.default\">\n\t\t\t\t<div class=\"elementor-widget-container\">\n\t\t\t\t\t\n\t\t<div class=\"lqd-imggrp-single d-block pos-rel \">\n\t\t\t<div class=\"lqd-imggrp-img-container d-inline-flex pos-rel align-items-center justify-content-center \">\n\t\t\t\t\t\t\t\t<figure class=\"w-100 pos-rel\">\n\t\t\t\t\t<img fetchpriority=\"high\" decoding=\"async\" width=\"640\" height=\"430\" src=\"https:\/\/aqschemical.com\/wp-content\/uploads\/2026\/02\/Rectangle-51-2.png\" class=\"attachment-full size-full wp-image-2100\" alt=\"\" srcset=\"https:\/\/aqschemical.com\/wp-content\/uploads\/2026\/02\/Rectangle-51-2.png 640w, https:\/\/aqschemical.com\/wp-content\/uploads\/2026\/02\/Rectangle-51-2-300x202.png 300w\" sizes=\"(max-width: 640px) 100vw, 640px\" itemprop=\"image\" \/>\t\t\t\t\t\t\t\t\t\t\t\t\t\t\t\t\t\t\t\t\t\t\t\t\t\t\t\t\t<\/figure>\n\t\t\t<\/div>\n\t\t<\/div>\n\n\t\t\t\t\t<\/div>\n\t\t\t\t<\/div>\n\t\t\t\t\t<\/div>\n\t\t<\/div>\n\t\t\t\t<div class=\"elementor-column elementor-col-25 elementor-top-column elementor-element elementor-element-0c05330\" data-id=\"0c05330\" data-element_type=\"column\" data-e-type=\"column\">\n\t\t\t<div class=\"elementor-widget-wrap elementor-element-populated\">\n\t\t\t\t\t\t<div class=\"elementor-element elementor-element-f128552 elementor-widget elementor-widget-hub_fancy_heading\" data-id=\"f128552\" data-element_type=\"widget\" data-e-type=\"widget\" data-widget_type=\"hub_fancy_heading.default\">\n\t\t\t\t<div class=\"elementor-widget-container\">\n\t\t\t\t\t\n\t\t<div id=\"ld-fancy-heading-69e2cfa09c450\" class=\"ld-fancy-heading pos-rel\">\n\t\t\t<h2 class=\"ld-fh-element d-inline-block pos-rel  elementor-heading-title lqd-highlight-classic lqd-highlight-grow-left h2\"  > Nuestra Visi\u00f3n\n<\/h2>\t\t<\/div>\n\n\t\t\t\t\t\t<\/div>\n\t\t\t\t<\/div>\n\t\t\t\t<div class=\"elementor-element elementor-element-cf980aa elementor-widget__width-initial elementor-widget elementor-widget-hub_fancy_heading\" data-id=\"cf980aa\" data-element_type=\"widget\" data-e-type=\"widget\" data-widget_type=\"hub_fancy_heading.default\">\n\t\t\t\t<div class=\"elementor-widget-container\">\n\t\t\t\t\t\n\t\t<div id=\"ld-fancy-heading-69e2cfa09ccbd\" class=\"ld-fancy-heading pos-rel\">\n\t\t\t<p class=\"ld-fh-element d-inline-block pos-rel  lqd-highlight-classic lqd-highlight-grow-left p\"  > Convertirnos en un proveedor internacional confiable de fertilizantes y productos qu\u00edmicos industriales, reconocido por su fiabilidad, transparencia y alianzas a largo plazo.<\/p>\t\t<\/div>\n\n\t\t\t\t\t\t<\/div>\n\t\t\t\t<\/div>\n\t\t\t\t<div class=\"elementor-element elementor-element-7936730 elementor-widget-divider--view-line elementor-widget elementor-widget-divider\" data-id=\"7936730\" data-element_type=\"widget\" data-e-type=\"widget\" data-widget_type=\"divider.default\">\n\t\t\t\t\t\t\t<div class=\"elementor-divider\">\n\t\t\t<span class=\"elementor-divider-separator\">\n\t\t\t\t\t\t<\/span>\n\t\t<\/div>\n\t\t\t\t\t\t<\/div>\n\t\t\t\t<div class=\"elementor-element elementor-element-da4cfe5 elementor-widget elementor-widget-hub_fancy_heading\" data-id=\"da4cfe5\" data-element_type=\"widget\" data-e-type=\"widget\" data-widget_type=\"hub_fancy_heading.default\">\n\t\t\t\t<div class=\"elementor-widget-container\">\n\t\t\t\t\t\n\t\t<div id=\"ld-fancy-heading-69e2cfa09d431\" class=\"ld-fancy-heading pos-rel\">\n\t\t\t<h2 class=\"ld-fh-element d-inline-block pos-rel  elementor-heading-title lqd-highlight-classic lqd-highlight-grow-left h2\"  > Nuestra Misi\u00f3n<\/h2>\t\t<\/div>\n\n\t\t\t\t\t\t<\/div>\n\t\t\t\t<\/div>\n\t\t\t\t<div class=\"elementor-element elementor-element-925c69e elementor-widget elementor-widget-text-editor\" data-id=\"925c69e\" data-element_type=\"widget\" data-e-type=\"widget\" data-widget_type=\"text-editor.default\">\n\t\t\t\t\t\t\t\t\t<ul><li>Suministrar productos qu\u00edmicos de alta calidad que cumplan con los est\u00e1ndares internacionales.<\/li><li>Apoyar a los clientes con documentaci\u00f3n clara y cumplimiento normativo.<\/li><li>Construir alianzas globales sostenibles y mutuamente beneficiosas.<\/li><\/ul>\t\t\t\t\t\t\t\t<\/div>\n\t\t\t\t\t<\/div>\n\t\t<\/div>\n\t\t\t\t\t<\/div>\n\t\t<\/section>\n\t\t\t\t<\/div>\n\t\t","protected":false},"excerpt":{"rendered":"<p>Nuestra Historia Desde nuestra fundaci\u00f3n, nos hemos comprometido a suministrar materias primas qu\u00edmicas de alta calidad para diversas aplicaciones industriales. Nuestra empresa naci\u00f3 con la pasi\u00f3n de mejorar la productividad y ofrecer soluciones sostenibles a nuestros clientes. Desde nuestra fundaci\u00f3n, nos hemos comprometido a suministrar materias primas qu\u00edmicas de alta calidad para diversas aplicaciones industriales. [&hellip;]<\/p>\n","protected":false},"author":3,"featured_media":0,"parent":0,"menu_order":0,"comment_status":"closed","ping_status":"closed","template":"","meta":{"_acf_changed":false,"footnotes":""},"class_list":["post-1642","page","type-page","status-publish","hentry"],"acf":[],"yoast_head":"<!-- This site is optimized with the Yoast SEO plugin v27.4 - https:\/\/yoast.com\/product\/yoast-seo-wordpress\/ -->\n<title>Sobre nosotros - American Quantum Solution<\/title>\n<meta name=\"robots\" content=\"index, follow, max-snippet:-1, max-image-preview:large, max-video-preview:-1\" \/>\n<link rel=\"canonical\" href=\"https:\/\/aqschemical.com\/es\/sobre-nosotros\/\" \/>\n<meta property=\"og:locale\" content=\"es_ES\" \/>\n<meta property=\"og:type\" content=\"article\" \/>\n<meta property=\"og:title\" content=\"Sobre nosotros - American Quantum Solution\" \/>\n<meta property=\"og:description\" content=\"Nuestra Historia Desde nuestra fundaci\u00f3n, nos hemos comprometido a suministrar materias primas qu\u00edmicas de alta calidad para diversas aplicaciones industriales. Nuestra empresa naci\u00f3 con la pasi\u00f3n de mejorar la productividad y ofrecer soluciones sostenibles a nuestros clientes. Desde nuestra fundaci\u00f3n, nos hemos comprometido a suministrar materias primas qu\u00edmicas de alta calidad para diversas aplicaciones industriales. [&hellip;]\" \/>\n<meta property=\"og:url\" content=\"https:\/\/aqschemical.com\/es\/sobre-nosotros\/\" \/>\n<meta property=\"og:site_name\" content=\"American Quantum Solution\" \/>\n<meta property=\"article:modified_time\" content=\"2026-02-22T11:13:04+00:00\" \/>\n<meta property=\"og:image\" content=\"https:\/\/aqschemical.com\/wp-content\/uploads\/2026\/02\/Rectangle-51-2.png\" \/>\n<meta name=\"twitter:card\" content=\"summary_large_image\" \/>\n<meta name=\"twitter:label1\" content=\"Tiempo de lectura\" \/>\n\t<meta name=\"twitter:data1\" content=\"1 minuto\" \/>\n<script type=\"application\/ld+json\" class=\"yoast-schema-graph\">{\"@context\":\"https:\\\/\\\/schema.org\",\"@graph\":[{\"@type\":\"WebPage\",\"@id\":\"https:\\\/\\\/aqschemical.com\\\/es\\\/sobre-nosotros\\\/\",\"url\":\"https:\\\/\\\/aqschemical.com\\\/es\\\/sobre-nosotros\\\/\",\"name\":\"Sobre nosotros - American Quantum Solution\",\"isPartOf\":{\"@id\":\"https:\\\/\\\/aqschemical.com\\\/#website\"},\"primaryImageOfPage\":{\"@id\":\"https:\\\/\\\/aqschemical.com\\\/es\\\/sobre-nosotros\\\/#primaryimage\"},\"image\":{\"@id\":\"https:\\\/\\\/aqschemical.com\\\/es\\\/sobre-nosotros\\\/#primaryimage\"},\"thumbnailUrl\":\"https:\\\/\\\/aqschemical.com\\\/wp-content\\\/uploads\\\/2026\\\/02\\\/Rectangle-51-2.png\",\"datePublished\":\"2021-09-28T09:11:27+00:00\",\"dateModified\":\"2026-02-22T11:13:04+00:00\",\"breadcrumb\":{\"@id\":\"https:\\\/\\\/aqschemical.com\\\/es\\\/sobre-nosotros\\\/#breadcrumb\"},\"inLanguage\":\"es\",\"potentialAction\":[{\"@type\":\"ReadAction\",\"target\":[\"https:\\\/\\\/aqschemical.com\\\/es\\\/sobre-nosotros\\\/\"]}]},{\"@type\":\"ImageObject\",\"inLanguage\":\"es\",\"@id\":\"https:\\\/\\\/aqschemical.com\\\/es\\\/sobre-nosotros\\\/#primaryimage\",\"url\":\"https:\\\/\\\/aqschemical.com\\\/wp-content\\\/uploads\\\/2026\\\/02\\\/Rectangle-51-2.png\",\"contentUrl\":\"https:\\\/\\\/aqschemical.com\\\/wp-content\\\/uploads\\\/2026\\\/02\\\/Rectangle-51-2.png\"},{\"@type\":\"BreadcrumbList\",\"@id\":\"https:\\\/\\\/aqschemical.com\\\/es\\\/sobre-nosotros\\\/#breadcrumb\",\"itemListElement\":[{\"@type\":\"ListItem\",\"position\":1,\"name\":\"Home\",\"item\":\"https:\\\/\\\/aqschemical.com\\\/es\\\/pagina-principal\\\/\"},{\"@type\":\"ListItem\",\"position\":2,\"name\":\"Sobre nosotros\"}]},{\"@type\":\"WebSite\",\"@id\":\"https:\\\/\\\/aqschemical.com\\\/#website\",\"url\":\"https:\\\/\\\/aqschemical.com\\\/\",\"name\":\"American Quantum Solution\",\"description\":\"\",\"publisher\":{\"@id\":\"https:\\\/\\\/aqschemical.com\\\/#organization\"},\"potentialAction\":[{\"@type\":\"SearchAction\",\"target\":{\"@type\":\"EntryPoint\",\"urlTemplate\":\"https:\\\/\\\/aqschemical.com\\\/?s={search_term_string}\"},\"query-input\":{\"@type\":\"PropertyValueSpecification\",\"valueRequired\":true,\"valueName\":\"search_term_string\"}}],\"inLanguage\":\"es\"},{\"@type\":\"Organization\",\"@id\":\"https:\\\/\\\/aqschemical.com\\\/#organization\",\"name\":\"American Quantum Solution\",\"url\":\"https:\\\/\\\/aqschemical.com\\\/\",\"logo\":{\"@type\":\"ImageObject\",\"inLanguage\":\"es\",\"@id\":\"https:\\\/\\\/aqschemical.com\\\/#\\\/schema\\\/logo\\\/image\\\/\",\"url\":\"https:\\\/\\\/aqschemical.com\\\/wp-content\\\/uploads\\\/2021\\\/09\\\/logo-aqs.png\",\"contentUrl\":\"https:\\\/\\\/aqschemical.com\\\/wp-content\\\/uploads\\\/2021\\\/09\\\/logo-aqs.png\",\"width\":118,\"height\":50,\"caption\":\"American Quantum Solution\"},\"image\":{\"@id\":\"https:\\\/\\\/aqschemical.com\\\/#\\\/schema\\\/logo\\\/image\\\/\"}}]}<\/script>\n<!-- \/ Yoast SEO plugin. -->","yoast_head_json":{"title":"Sobre nosotros - American Quantum Solution","robots":{"index":"index","follow":"follow","max-snippet":"max-snippet:-1","max-image-preview":"max-image-preview:large","max-video-preview":"max-video-preview:-1"},"canonical":"https:\/\/aqschemical.com\/es\/sobre-nosotros\/","og_locale":"es_ES","og_type":"article","og_title":"Sobre nosotros - American Quantum Solution","og_description":"Nuestra Historia Desde nuestra fundaci\u00f3n, nos hemos comprometido a suministrar materias primas qu\u00edmicas de alta calidad para diversas aplicaciones industriales. Nuestra empresa naci\u00f3 con la pasi\u00f3n de mejorar la productividad y ofrecer soluciones sostenibles a nuestros clientes. Desde nuestra fundaci\u00f3n, nos hemos comprometido a suministrar materias primas qu\u00edmicas de alta calidad para diversas aplicaciones industriales. [&hellip;]","og_url":"https:\/\/aqschemical.com\/es\/sobre-nosotros\/","og_site_name":"American Quantum Solution","article_modified_time":"2026-02-22T11:13:04+00:00","og_image":[{"url":"https:\/\/aqschemical.com\/wp-content\/uploads\/2026\/02\/Rectangle-51-2.png","type":"","width":"","height":""}],"twitter_card":"summary_large_image","twitter_misc":{"Tiempo de lectura":"1 minuto"},"schema":{"@context":"https:\/\/schema.org","@graph":[{"@type":"WebPage","@id":"https:\/\/aqschemical.com\/es\/sobre-nosotros\/","url":"https:\/\/aqschemical.com\/es\/sobre-nosotros\/","name":"Sobre nosotros - American Quantum Solution","isPartOf":{"@id":"https:\/\/aqschemical.com\/#website"},"primaryImageOfPage":{"@id":"https:\/\/aqschemical.com\/es\/sobre-nosotros\/#primaryimage"},"image":{"@id":"https:\/\/aqschemical.com\/es\/sobre-nosotros\/#primaryimage"},"thumbnailUrl":"https:\/\/aqschemical.com\/wp-content\/uploads\/2026\/02\/Rectangle-51-2.png","datePublished":"2021-09-28T09:11:27+00:00","dateModified":"2026-02-22T11:13:04+00:00","breadcrumb":{"@id":"https:\/\/aqschemical.com\/es\/sobre-nosotros\/#breadcrumb"},"inLanguage":"es","potentialAction":[{"@type":"ReadAction","target":["https:\/\/aqschemical.com\/es\/sobre-nosotros\/"]}]},{"@type":"ImageObject","inLanguage":"es","@id":"https:\/\/aqschemical.com\/es\/sobre-nosotros\/#primaryimage","url":"https:\/\/aqschemical.com\/wp-content\/uploads\/2026\/02\/Rectangle-51-2.png","contentUrl":"https:\/\/aqschemical.com\/wp-content\/uploads\/2026\/02\/Rectangle-51-2.png"},{"@type":"BreadcrumbList","@id":"https:\/\/aqschemical.com\/es\/sobre-nosotros\/#breadcrumb","itemListElement":[{"@type":"ListItem","position":1,"name":"Home","item":"https:\/\/aqschemical.com\/es\/pagina-principal\/"},{"@type":"ListItem","position":2,"name":"Sobre nosotros"}]},{"@type":"WebSite","@id":"https:\/\/aqschemical.com\/#website","url":"https:\/\/aqschemical.com\/","name":"American Quantum Solution","description":"","publisher":{"@id":"https:\/\/aqschemical.com\/#organization"},"potentialAction":[{"@type":"SearchAction","target":{"@type":"EntryPoint","urlTemplate":"https:\/\/aqschemical.com\/?s={search_term_string}"},"query-input":{"@type":"PropertyValueSpecification","valueRequired":true,"valueName":"search_term_string"}}],"inLanguage":"es"},{"@type":"Organization","@id":"https:\/\/aqschemical.com\/#organization","name":"American Quantum Solution","url":"https:\/\/aqschemical.com\/","logo":{"@type":"ImageObject","inLanguage":"es","@id":"https:\/\/aqschemical.com\/#\/schema\/logo\/image\/","url":"https:\/\/aqschemical.com\/wp-content\/uploads\/2021\/09\/logo-aqs.png","contentUrl":"https:\/\/aqschemical.com\/wp-content\/uploads\/2021\/09\/logo-aqs.png","width":118,"height":50,"caption":"American Quantum Solution"},"image":{"@id":"https:\/\/aqschemical.com\/#\/schema\/logo\/image\/"}}]}},"_links":{"self":[{"href":"https:\/\/aqschemical.com\/es\/wp-json\/wp\/v2\/pages\/1642","targetHints":{"allow":["GET"]}}],"collection":[{"href":"https:\/\/aqschemical.com\/es\/wp-json\/wp\/v2\/pages"}],"about":[{"href":"https:\/\/aqschemical.com\/es\/wp-json\/wp\/v2\/types\/page"}],"author":[{"embeddable":true,"href":"https:\/\/aqschemical.com\/es\/wp-json\/wp\/v2\/users\/3"}],"replies":[{"embeddable":true,"href":"https:\/\/aqschemical.com\/es\/wp-json\/wp\/v2\/comments?post=1642"}],"version-history":[{"count":7,"href":"https:\/\/aqschemical.com\/es\/wp-json\/wp\/v2\/pages\/1642\/revisions"}],"predecessor-version":[{"id":2105,"href":"https:\/\/aqschemical.com\/es\/wp-json\/wp\/v2\/pages\/1642\/revisions\/2105"}],"wp:attachment":[{"href":"https:\/\/aqschemical.com\/es\/wp-json\/wp\/v2\/media?parent=1642"}],"curies":[{"name":"wp","href":"https:\/\/api.w.org\/{rel}","templated":true}]}}