{"id":2002,"date":"2026-02-19T14:34:54","date_gmt":"2026-02-19T14:34:54","guid":{"rendered":"https:\/\/aqschemical.com\/?page_id=2002"},"modified":"2026-02-19T14:43:02","modified_gmt":"2026-02-19T14:43:02","slug":"cumplimiento","status":"publish","type":"page","link":"https:\/\/aqschemical.com\/es\/cumplimiento\/","title":{"rendered":"Cumplimiento"},"content":{"rendered":"\t\t<div data-elementor-type=\"wp-page\" data-elementor-id=\"2002\" class=\"elementor elementor-2002 elementor-2001\" data-elementor-post-type=\"page\">\n\t\t\t\t<div class=\"elementor-element elementor-element-55fb7b7 e-con-full e-flex e-con e-parent\" data-id=\"55fb7b7\" data-element_type=\"container\" data-e-type=\"container\" data-settings=\"{&quot;background_background&quot;:&quot;classic&quot;}\">\n\t\t\t\t<div class=\"elementor-element elementor-element-98b9404 elementor-widget elementor-widget-heading\" data-id=\"98b9404\" data-element_type=\"widget\" data-e-type=\"widget\" data-widget_type=\"heading.default\">\n\t\t\t\t\t<h2 class=\"elementor-heading-title elementor-size-default\">Cumplimiento<\/h2>\t\t\t\t<\/div>\n\t\t\t\t<\/div>\n\t\t<div class=\"elementor-element elementor-element-1d27137 e-flex e-con-boxed e-con e-parent\" data-id=\"1d27137\" data-element_type=\"container\" data-e-type=\"container\">\n\t\t\t\t\t<div class=\"e-con-inner\">\n\t\t\t\t<div class=\"elementor-element elementor-element-7c074c3 elementor-widget__width-initial elementor-invisible elementor-widget elementor-widget-hub_fancy_heading\" data-id=\"7c074c3\" data-element_type=\"widget\" data-e-type=\"widget\" data-settings=\"{&quot;_animation&quot;:&quot;fadeInRight&quot;,&quot;_animation_delay&quot;:100}\" data-widget_type=\"hub_fancy_heading.default\">\n\t\t\t\t<div class=\"elementor-widget-container\">\n\t\t\t\t\t\n\t\t<div id=\"ld-fancy-heading-69e2cb5551663\" class=\"ld-fancy-heading pos-rel\">\n\t\t\t<h2 class=\"ld-fh-element d-inline-block pos-rel  elementor-heading-title lqd-highlight-classic lqd-highlight-grow-left h2\"  > Compromiso con la Calidad y el Cumplimiento Normativo\n<\/h2>\t\t<\/div>\n\n\t\t\t\t\t\t<\/div>\n\t\t\t\t<\/div>\n\t\t\t\t<div class=\"elementor-element elementor-element-6f12a77 elementor-widget__width-inherit elementor-invisible elementor-widget elementor-widget-hub_fancy_heading\" data-id=\"6f12a77\" data-element_type=\"widget\" data-e-type=\"widget\" data-settings=\"{&quot;_animation&quot;:&quot;fadeInRight&quot;,&quot;_animation_delay&quot;:100}\" data-widget_type=\"hub_fancy_heading.default\">\n\t\t\t\t<div class=\"elementor-widget-container\">\n\t\t\t\t\t\n\t\t<div id=\"ld-fancy-heading-69e2cb5551f7f\" class=\"ld-fancy-heading pos-rel\">\n\t\t\t<h2 class=\"ld-fh-element d-inline-block pos-rel  elementor-heading-title lqd-highlight-classic lqd-highlight-grow-left h2\"  > \u201cPriorizamos el cumplimiento de las normas internacionales de seguridad y de manipulaci\u00f3n de productos qu\u00edmicos.\u201d<\/h2>\t\t<\/div>\n\n\t\t\t\t\t\t<\/div>\n\t\t\t\t<\/div>\n\t\t\t\t<div class=\"elementor-element elementor-element-b8ce070 elementor-widget__width-inherit elementor-invisible elementor-widget elementor-widget-hub_fancy_heading\" data-id=\"b8ce070\" data-element_type=\"widget\" data-e-type=\"widget\" data-settings=\"{&quot;_animation&quot;:&quot;fadeInUp&quot;,&quot;_animation_delay&quot;:300}\" data-widget_type=\"hub_fancy_heading.default\">\n\t\t\t\t<div class=\"elementor-widget-container\">\n\t\t\t\t\t\n\t\t<div id=\"ld-fancy-heading-69e2cb55526fa\" class=\"ld-fancy-heading pos-rel\">\n\t\t\t<p class=\"ld-fh-element d-inline-block pos-rel  lqd-highlight-classic lqd-highlight-grow-left p\"  > Nuestra documentaci\u00f3n y etiquetado siguen marcos reconocidos a nivel mundial, tales como:\n\n* GHS (Sistema Globalmente Armonizado)\n* REACH (para los mercados de la UE, cuando aplique)\n* Normas de seguridad relacionadas con OSHA (para los requisitos del mercado de EE. UU.)\n\nTodos los env\u00edos cuentan con documentaci\u00f3n completa para facilitar un despacho aduanero fluido y la aprobaci\u00f3n regulatoria.\n<\/p>\t\t<\/div>\n\n\t\t\t\t\t\t<\/div>\n\t\t\t\t<\/div>\n\t\t\t\t<div class=\"elementor-element elementor-element-aa2d7ce elementor-widget elementor-widget-image\" data-id=\"aa2d7ce\" data-element_type=\"widget\" data-e-type=\"widget\" data-widget_type=\"image.default\">\n\t\t\t\t\t\t\t\t\t\t\t\t\t\t\t<img fetchpriority=\"high\" decoding=\"async\" width=\"894\" height=\"422\" src=\"https:\/\/aqschemical.com\/wp-content\/uploads\/2026\/02\/Rectangle-52-1.png\" class=\"attachment-full size-full wp-image-2021\" alt=\"\" srcset=\"https:\/\/aqschemical.com\/wp-content\/uploads\/2026\/02\/Rectangle-52-1.png 894w, https:\/\/aqschemical.com\/wp-content\/uploads\/2026\/02\/Rectangle-52-1-300x142.png 300w\" sizes=\"(max-width: 894px) 100vw, 894px\" \/>\t\t\t\t\t\t\t\t\t\t\t\t\t\t\t<\/div>\n\t\t\t\t\t<\/div>\n\t\t\t\t<\/div>\n\t\t\t\t<\/div>\n\t\t","protected":false},"excerpt":{"rendered":"<p>Compromiso con la Calidad y el Cumplimiento Normativo \u201cPriorizamos el cumplimiento de las normas internacionales de seguridad y de manipulaci\u00f3n de productos qu\u00edmicos.\u201d Nuestra documentaci\u00f3n y etiquetado siguen marcos reconocidos a nivel mundial, tales como: * GHS (Sistema Globalmente Armonizado) * REACH (para los mercados de la UE, cuando aplique) * Normas de seguridad relacionadas [&hellip;]<\/p>\n","protected":false},"author":3,"featured_media":0,"parent":0,"menu_order":0,"comment_status":"closed","ping_status":"closed","template":"elementor_header_footer","meta":{"_acf_changed":false,"footnotes":""},"class_list":["post-2002","page","type-page","status-publish","hentry"],"acf":[],"yoast_head":"<!-- This site is optimized with the Yoast SEO plugin v27.4 - https:\/\/yoast.com\/product\/yoast-seo-wordpress\/ -->\n<title>Cumplimiento - American Quantum Solution<\/title>\n<meta name=\"robots\" content=\"index, follow, max-snippet:-1, max-image-preview:large, max-video-preview:-1\" \/>\n<link rel=\"canonical\" href=\"https:\/\/aqschemical.com\/es\/cumplimiento\/\" \/>\n<meta property=\"og:locale\" content=\"es_ES\" \/>\n<meta property=\"og:type\" content=\"article\" \/>\n<meta property=\"og:title\" content=\"Cumplimiento - American Quantum Solution\" \/>\n<meta property=\"og:description\" content=\"Compromiso con la Calidad y el Cumplimiento Normativo \u201cPriorizamos el cumplimiento de las normas internacionales de seguridad y de manipulaci\u00f3n de productos qu\u00edmicos.\u201d Nuestra documentaci\u00f3n y etiquetado siguen marcos reconocidos a nivel mundial, tales como: * GHS (Sistema Globalmente Armonizado) * REACH (para los mercados de la UE, cuando aplique) * Normas de seguridad relacionadas [&hellip;]\" \/>\n<meta property=\"og:url\" content=\"https:\/\/aqschemical.com\/es\/cumplimiento\/\" \/>\n<meta property=\"og:site_name\" content=\"American Quantum Solution\" \/>\n<meta property=\"article:modified_time\" content=\"2026-02-19T14:43:02+00:00\" \/>\n<meta property=\"og:image\" content=\"https:\/\/aqschemical.com\/wp-content\/uploads\/2026\/02\/Rectangle-52-1.png\" \/>\n<meta name=\"twitter:card\" content=\"summary_large_image\" \/>\n<script type=\"application\/ld+json\" class=\"yoast-schema-graph\">{\"@context\":\"https:\\\/\\\/schema.org\",\"@graph\":[{\"@type\":\"WebPage\",\"@id\":\"https:\\\/\\\/aqschemical.com\\\/es\\\/cumplimiento\\\/\",\"url\":\"https:\\\/\\\/aqschemical.com\\\/es\\\/cumplimiento\\\/\",\"name\":\"Cumplimiento - American Quantum Solution\",\"isPartOf\":{\"@id\":\"https:\\\/\\\/aqschemical.com\\\/#website\"},\"primaryImageOfPage\":{\"@id\":\"https:\\\/\\\/aqschemical.com\\\/es\\\/cumplimiento\\\/#primaryimage\"},\"image\":{\"@id\":\"https:\\\/\\\/aqschemical.com\\\/es\\\/cumplimiento\\\/#primaryimage\"},\"thumbnailUrl\":\"https:\\\/\\\/aqschemical.com\\\/wp-content\\\/uploads\\\/2026\\\/02\\\/Rectangle-52-1.png\",\"datePublished\":\"2026-02-19T14:34:54+00:00\",\"dateModified\":\"2026-02-19T14:43:02+00:00\",\"breadcrumb\":{\"@id\":\"https:\\\/\\\/aqschemical.com\\\/es\\\/cumplimiento\\\/#breadcrumb\"},\"inLanguage\":\"es\",\"potentialAction\":[{\"@type\":\"ReadAction\",\"target\":[\"https:\\\/\\\/aqschemical.com\\\/es\\\/cumplimiento\\\/\"]}]},{\"@type\":\"ImageObject\",\"inLanguage\":\"es\",\"@id\":\"https:\\\/\\\/aqschemical.com\\\/es\\\/cumplimiento\\\/#primaryimage\",\"url\":\"https:\\\/\\\/aqschemical.com\\\/wp-content\\\/uploads\\\/2026\\\/02\\\/Rectangle-52-1.png\",\"contentUrl\":\"https:\\\/\\\/aqschemical.com\\\/wp-content\\\/uploads\\\/2026\\\/02\\\/Rectangle-52-1.png\"},{\"@type\":\"BreadcrumbList\",\"@id\":\"https:\\\/\\\/aqschemical.com\\\/es\\\/cumplimiento\\\/#breadcrumb\",\"itemListElement\":[{\"@type\":\"ListItem\",\"position\":1,\"name\":\"Home\",\"item\":\"https:\\\/\\\/aqschemical.com\\\/es\\\/pagina-principal\\\/\"},{\"@type\":\"ListItem\",\"position\":2,\"name\":\"Cumplimiento\"}]},{\"@type\":\"WebSite\",\"@id\":\"https:\\\/\\\/aqschemical.com\\\/#website\",\"url\":\"https:\\\/\\\/aqschemical.com\\\/\",\"name\":\"American Quantum Solution\",\"description\":\"\",\"publisher\":{\"@id\":\"https:\\\/\\\/aqschemical.com\\\/#organization\"},\"potentialAction\":[{\"@type\":\"SearchAction\",\"target\":{\"@type\":\"EntryPoint\",\"urlTemplate\":\"https:\\\/\\\/aqschemical.com\\\/?s={search_term_string}\"},\"query-input\":{\"@type\":\"PropertyValueSpecification\",\"valueRequired\":true,\"valueName\":\"search_term_string\"}}],\"inLanguage\":\"es\"},{\"@type\":\"Organization\",\"@id\":\"https:\\\/\\\/aqschemical.com\\\/#organization\",\"name\":\"American Quantum Solution\",\"url\":\"https:\\\/\\\/aqschemical.com\\\/\",\"logo\":{\"@type\":\"ImageObject\",\"inLanguage\":\"es\",\"@id\":\"https:\\\/\\\/aqschemical.com\\\/#\\\/schema\\\/logo\\\/image\\\/\",\"url\":\"https:\\\/\\\/aqschemical.com\\\/wp-content\\\/uploads\\\/2021\\\/09\\\/logo-aqs.png\",\"contentUrl\":\"https:\\\/\\\/aqschemical.com\\\/wp-content\\\/uploads\\\/2021\\\/09\\\/logo-aqs.png\",\"width\":118,\"height\":50,\"caption\":\"American Quantum Solution\"},\"image\":{\"@id\":\"https:\\\/\\\/aqschemical.com\\\/#\\\/schema\\\/logo\\\/image\\\/\"}}]}<\/script>\n<!-- \/ Yoast SEO plugin. -->","yoast_head_json":{"title":"Cumplimiento - American Quantum Solution","robots":{"index":"index","follow":"follow","max-snippet":"max-snippet:-1","max-image-preview":"max-image-preview:large","max-video-preview":"max-video-preview:-1"},"canonical":"https:\/\/aqschemical.com\/es\/cumplimiento\/","og_locale":"es_ES","og_type":"article","og_title":"Cumplimiento - American Quantum Solution","og_description":"Compromiso con la Calidad y el Cumplimiento Normativo \u201cPriorizamos el cumplimiento de las normas internacionales de seguridad y de manipulaci\u00f3n de productos qu\u00edmicos.\u201d Nuestra documentaci\u00f3n y etiquetado siguen marcos reconocidos a nivel mundial, tales como: * GHS (Sistema Globalmente Armonizado) * REACH (para los mercados de la UE, cuando aplique) * Normas de seguridad relacionadas [&hellip;]","og_url":"https:\/\/aqschemical.com\/es\/cumplimiento\/","og_site_name":"American Quantum Solution","article_modified_time":"2026-02-19T14:43:02+00:00","og_image":[{"url":"https:\/\/aqschemical.com\/wp-content\/uploads\/2026\/02\/Rectangle-52-1.png","type":"","width":"","height":""}],"twitter_card":"summary_large_image","schema":{"@context":"https:\/\/schema.org","@graph":[{"@type":"WebPage","@id":"https:\/\/aqschemical.com\/es\/cumplimiento\/","url":"https:\/\/aqschemical.com\/es\/cumplimiento\/","name":"Cumplimiento - American Quantum Solution","isPartOf":{"@id":"https:\/\/aqschemical.com\/#website"},"primaryImageOfPage":{"@id":"https:\/\/aqschemical.com\/es\/cumplimiento\/#primaryimage"},"image":{"@id":"https:\/\/aqschemical.com\/es\/cumplimiento\/#primaryimage"},"thumbnailUrl":"https:\/\/aqschemical.com\/wp-content\/uploads\/2026\/02\/Rectangle-52-1.png","datePublished":"2026-02-19T14:34:54+00:00","dateModified":"2026-02-19T14:43:02+00:00","breadcrumb":{"@id":"https:\/\/aqschemical.com\/es\/cumplimiento\/#breadcrumb"},"inLanguage":"es","potentialAction":[{"@type":"ReadAction","target":["https:\/\/aqschemical.com\/es\/cumplimiento\/"]}]},{"@type":"ImageObject","inLanguage":"es","@id":"https:\/\/aqschemical.com\/es\/cumplimiento\/#primaryimage","url":"https:\/\/aqschemical.com\/wp-content\/uploads\/2026\/02\/Rectangle-52-1.png","contentUrl":"https:\/\/aqschemical.com\/wp-content\/uploads\/2026\/02\/Rectangle-52-1.png"},{"@type":"BreadcrumbList","@id":"https:\/\/aqschemical.com\/es\/cumplimiento\/#breadcrumb","itemListElement":[{"@type":"ListItem","position":1,"name":"Home","item":"https:\/\/aqschemical.com\/es\/pagina-principal\/"},{"@type":"ListItem","position":2,"name":"Cumplimiento"}]},{"@type":"WebSite","@id":"https:\/\/aqschemical.com\/#website","url":"https:\/\/aqschemical.com\/","name":"American Quantum Solution","description":"","publisher":{"@id":"https:\/\/aqschemical.com\/#organization"},"potentialAction":[{"@type":"SearchAction","target":{"@type":"EntryPoint","urlTemplate":"https:\/\/aqschemical.com\/?s={search_term_string}"},"query-input":{"@type":"PropertyValueSpecification","valueRequired":true,"valueName":"search_term_string"}}],"inLanguage":"es"},{"@type":"Organization","@id":"https:\/\/aqschemical.com\/#organization","name":"American Quantum Solution","url":"https:\/\/aqschemical.com\/","logo":{"@type":"ImageObject","inLanguage":"es","@id":"https:\/\/aqschemical.com\/#\/schema\/logo\/image\/","url":"https:\/\/aqschemical.com\/wp-content\/uploads\/2021\/09\/logo-aqs.png","contentUrl":"https:\/\/aqschemical.com\/wp-content\/uploads\/2021\/09\/logo-aqs.png","width":118,"height":50,"caption":"American Quantum Solution"},"image":{"@id":"https:\/\/aqschemical.com\/#\/schema\/logo\/image\/"}}]}},"_links":{"self":[{"href":"https:\/\/aqschemical.com\/es\/wp-json\/wp\/v2\/pages\/2002","targetHints":{"allow":["GET"]}}],"collection":[{"href":"https:\/\/aqschemical.com\/es\/wp-json\/wp\/v2\/pages"}],"about":[{"href":"https:\/\/aqschemical.com\/es\/wp-json\/wp\/v2\/types\/page"}],"author":[{"embeddable":true,"href":"https:\/\/aqschemical.com\/es\/wp-json\/wp\/v2\/users\/3"}],"replies":[{"embeddable":true,"href":"https:\/\/aqschemical.com\/es\/wp-json\/wp\/v2\/comments?post=2002"}],"version-history":[{"count":8,"href":"https:\/\/aqschemical.com\/es\/wp-json\/wp\/v2\/pages\/2002\/revisions"}],"predecessor-version":[{"id":2028,"href":"https:\/\/aqschemical.com\/es\/wp-json\/wp\/v2\/pages\/2002\/revisions\/2028"}],"wp:attachment":[{"href":"https:\/\/aqschemical.com\/es\/wp-json\/wp\/v2\/media?parent=2002"}],"curies":[{"name":"wp","href":"https:\/\/api.w.org\/{rel}","templated":true}]}}